{"id":453,"date":"2016-03-11T11:55:09","date_gmt":"2016-03-11T10:55:09","guid":{"rendered":"http:\/\/gemeinschaftsdienst.de\/?page_id=453&#038;lang=en"},"modified":"2016-03-11T11:55:09","modified_gmt":"2016-03-11T10:55:09","slug":"imprint","status":"publish","type":"page","link":"https:\/\/www.gemeinschaftsdienst.de\/en\/imprint\/","title":{"rendered":"Imprint"},"content":{"rendered":"<h1>Imprint<\/h1>\n<table border=\"0\" width=\"100%\" cellspacing=\"0\" cellpadding=\"0\">\n<tbody>\n<tr>\n<td valign=\"top\"><strong class=\"semistrong\">Firmenname<\/strong><\/td>\n<td valign=\"top\">Gemeinschaftsdienst Kinder, Jugend, und Familie e.V.<\/td>\n<\/tr>\n<tr>\n<td valign=\"top\"><strong class=\"semistrong\">PLZ, Ort<\/strong><\/td>\n<td valign=\"top\">58642 Iserlohn- Letmathe<\/td>\n<\/tr>\n<tr>\n<td valign=\"top\"><strong class=\"semistrong\">Land<\/strong><\/td>\n<td valign=\"top\">Deutschland<\/td>\n<\/tr>\n<tr>\n<td valign=\"top\"><strong class=\"semistrong\">Strasse, Nr.<\/strong><\/td>\n<td valign=\"top\">Am Dorfplatz 5 &#8211; 19<\/td>\n<\/tr>\n<tr>\n<td valign=\"top\"><strong class=\"semistrong\">Telefon<\/strong><\/td>\n<td valign=\"top\">+49 23 74 \/ 50 52 &#8211; 0<\/td>\n<\/tr>\n<tr>\n<td valign=\"top\"><strong class=\"semistrong\">Fax<\/strong><\/td>\n<td valign=\"top\">+49 23 74 \/ 50 52 &#8211; 20<\/td>\n<\/tr>\n<tr>\n<td valign=\"top\"><strong class=\"semistrong\">E-Mail<\/strong><\/td>\n<td valign=\"top\"><a href=\"mailto:info@gemeinschaftsdienst.de\">info@gemeinschaftsdienst.de<\/a><\/td>\n<\/tr>\n<tr>\n<td valign=\"top\"><strong class=\"semistrong\">Internet<\/strong><\/td>\n<td valign=\"top\"><a href=\"http:\/\/gemeinschaftsdienst.de\" target=\"_blank\">www.gemeinschaftsdienst.de<\/a><\/td>\n<\/tr>\n<\/tbody>\n<\/table>\n<p><strong class=\"semistrong\">Vorsitzender<br \/>\n<\/strong>Hartmut Bogatzki<\/p>\n<p><strong class=\"semistrong\">Registergericht<br \/>\n<\/strong>Amtsgericht Iserlohn<\/p>\n<p><strong class=\"semistrong\">Registernummer<br \/>\n<\/strong>HR 537<br \/>\nSteuernummer: 328\/5880\/1977<\/p>\n<p>&nbsp;<\/p>\n<p><strong class=\"semistrong\">Konzeption, Gestaltung und Programmierung<br \/>\n<\/strong><a title=\"aliaz | werbeagentur gmbh\" href=\"http:\/\/www.aliaz.de\" target=\"_blank\">aliaz werbeagentur gmbh<\/a><br \/>\nfrankfurter str. 28<br \/>\n58095 hagen<br \/>\n0 23 31 \/ 375 79-0<\/p>\n<p>&nbsp;<\/p>\n<h3>Haftungsausschluss<\/h3>\n<p><strong class=\"semistrong\">Inhalt des Onlineangebotes<\/strong><br \/>\nDer Autor \u00fcbernimmt keinerlei Gew\u00e4hr f\u00fcr die Aktualit\u00e4t, Korrektheit, Vollst\u00e4ndigkeit oder Qualit\u00e4t der bereitgestellten Informationen. Haftungsanspr\u00fcche gegen den Autor, welche sich auf Sch\u00e4den materieller oder ideeller Art beziehen, die durch die Nutzung oder Nichtnutzung der dargebotenen Informationen bzw. durch die Nutzung fehlerhafter und unvollst\u00e4ndiger Informationen verursacht wurden, sind grunds\u00e4tzlich ausgeschlossen, sofern seitens des Autors kein nachweislich vors\u00e4tzliches oder grob fahrl\u00e4ssiges Verschulden vorliegt. Alle Angebote sind freibleibend und unverbindlich. Der Autor beh\u00e4lt es sich ausdr\u00fccklich vor, Teile der Seiten oder das gesamte Angebot ohne gesonderte Ank\u00fcndigung zu ver\u00e4ndern, zu erg\u00e4nzen, zu l\u00f6schen oder die Ver\u00f6ffentlichung zeitweise oder endg\u00fcltig einzustellen.<\/p>\n<p><strong class=\"semistrong\">Verweise und Links<\/strong><br \/>\nBei direkten oder indirekten Verweisen auf fremde Internetseiten (&#8220;Links&#8221;), die au\u00dferhalb des Verantwortungsbereiches des Autors liegen, w\u00fcrde eine Haftungsverpflichtung ausschlie\u00dflich in dem Fall in Kraft treten, in dem der Autor von den Inhalten Kenntnis hat und es ihm technisch m\u00f6glich und zumutbar w\u00e4re, die Nutzung im Falle rechtswidriger Inhalte zu verhindern. Der Autor erkl\u00e4rt hiermit ausdr\u00fccklich, dass zum Zeitpunkt der Linksetzung keine illegalen Inhalte auf den zu verlinkenden Seiten erkennbar waren. Auf die aktuelle und zuk\u00fcnftige Gestaltung, die Inhalte oder die Urheberschaft der gelinkten\/verkn\u00fcpften Seiten hat der Autor keinerlei Einfluss. Deshalb distanziert er sich hiermit ausdr\u00fccklich von allen Inhalten aller gelinkten \/verkn\u00fcpften Seiten, die nach der Linksetzung ver\u00e4ndert wurden. Diese Feststellung gilt f\u00fcr alle innerhalb des eigenen Internetangebotes gesetzten Links und Verweise. F\u00fcr illegale, fehlerhafte oder unvollst\u00e4ndige Inhalte und insbesondere f\u00fcr Sch\u00e4den, die aus der Nutzung oder Nichtnutzung solcherart dargebotener Informationen entstehen, haftet allein der Anbieter der Seite, auf welche verwiesen wurde, nicht derjenige, der \u00fcber Links auf die jeweilige Ver\u00f6ffentlichung lediglich verweist.<\/p>\n<p>Obwohl bei der Zusammenstellung der auf unseren Webseiten enthaltenen Informationen gr\u00f6\u00dfte Sorgfalt angewandt wurde, kann der Gemeinschaftsdienst Kinder, Jugend und Familie e.V. f\u00fcr die Aktualit\u00e4t, Richtigkeit oder Vollst\u00e4ndigkeit keine Gew\u00e4hr \u00fcbernehmen. Dies gilt auch f\u00fcr alle Verbindungen (&#8220;Links&#8221;), auf die diese Website direkt oder indirekt verweist. Wir sind f\u00fcr den Inhalt einer Seite, die mit einem solchen Link erreicht wird, nicht verantwortlich.<\/p>\n<p>In keinem Fall kann der Gemeinschaftsdienst Kinder, Jugend und Familie e.V. f\u00fcr etwaige Sch\u00e4den irgendwelcher Art verantwortlich gemacht werden, die durch die Benutzung oder im Zusammenhang mit der Benutzung der hier bereitgestellten Informationen entstehen, seien es direkte oder indirekte Sch\u00e4den bzw. Folgesch\u00e4den einschlie\u00dflich entgangenen Gewinns, oder Sch\u00e4den, die aus dem Verlust von Daten entstehen.<\/p>\n<h3>Datenschutz<\/h3>\n<p>Sofern innerhalb des Internetangebotes die M\u00f6glichkeit zur Eingabe pers\u00f6nlicher oder gesch\u00e4ftlicher Daten (Emailadressen, Namen, Anschriften) besteht, so erfolgt die Preisgabe dieser Daten seitens des Nutzers auf ausdr\u00fccklich freiwilliger Basis.<\/p>\n<h3>Urheber- und Kennzeichenrecht<\/h3>\n<p>Der Autor ist bestrebt, in allen Publikationen die Urheberrechte der verwendeten Grafiken, Tondokumente, Videosequenzen und Texte zu beachten, von ihm selbst erstellte Grafiken, Tondokumente, Videosequenzen und Texte zu nutzen oder auf lizenzfreie Grafiken, Tondokumente, Videosequenzen und Texte zur\u00fcckzugreifen. Alle innerhalb des Internetangebotes genannten und ggf. durch Dritte gesch\u00fctzten Marken- und Warenzeichen unterliegen uneingeschr\u00e4nkt den Bestimmungen des jeweils g\u00fcltigen Kennzeichenrechts und den Besitzrechten der jeweiligen eingetragenen Eigent\u00fcmer. Allein aufgrund der blo\u00dfen Nennung ist nicht der Schluss zu ziehen, dass Markenzeichen nicht durch Rechte Dritter gesch\u00fctzt sind! Das Copyright f\u00fcr ver\u00f6ffentlichte, vom Autor selbst erstellte Objekte bleibt allein beim Autor der Seiten.<\/p>\n<p>Die Inhalte dieser Website sind urheberrechtlich gesch\u00fctzt. Ohne schriftliche Genehmigung der<\/p>\n<p>Gemeinschaftsdienst Kinder, Jugend und Familie e.V.<br \/>\nAm Dorfplatz 5 &#8211; 19<br \/>\n58462 Iserlohn<\/p>\n<p>darf der Inhalt dieser Seite in keiner Form (Fotokopie, Mikrofilm, Tondokumente, Videosequenzen und Texte oder einem anderen Verfahren) reproduziert oder unter Verwendung elektronischer Systeme verarbeitet, vervielf\u00e4ltigt oder verbreitet werden, es sei denn, Gegenteiliges w\u00e4re ausdr\u00fccklich vermerkt.<\/p>\n<h3>Rechtswirksamkeit dieses Haftungsausschlusses<\/h3>\n<p>Dieser Haftungsausschluss ist als Teil des Internetangebotes zu betrachten, von dem aus auf diese Seite verwiesen wurde. Sofern Teile oder einzelne Formulierungen dieses Textes der geltenden Rechtslage nicht, nicht mehr oder nicht vollst\u00e4ndig entsprechen sollten, bleiben die \u00fcbrigen Teile des Dokumentes in ihrem Inhalt und ihrer G\u00fcltigkeit davon unber\u00fchrt.<\/p>\n<h3>Google Analytics<\/h3>\n<p>Diese Website benutzt Google Analytics, einen Webanalysedienst der Google Inc. (\u201eGoogle\u201c). Google Analytics verwendet sog. \u201eCookies\u201c, Textdateien, die auf Ihrem Computer gespeichert werden und die eine Analyse der Benutzung der Website durch Sie erm\u00f6glichen. Die durch das Cookie erzeugten Informationen \u00fcber Ihre Benutzung dieser Website werden in der Regel an einen Server von Google in den USA \u00fcbertragen und dort gespeichert. Im Falle der Aktivierung der IP-Anonymisierung auf dieser Website, wird Ihre IP-Adresse von Google jedoch innerhalb von Mitgliedstaaten der Europ\u00e4ischen Union oder in anderen Vertragsstaaten des Abkommens \u00fcber den Europ\u00e4ischen Wirtschaftsraum zuvor gek\u00fcrzt. Nur in Ausnahmef\u00e4llen wird die volle IP-Adresse an einen Server von Google in den USA \u00fcbertragen und dort gek\u00fcrzt. Im Auftrag des Betreibers dieser Website wird Google diese Informationen benutzen, um Ihre Nutzung der Website auszuwerten, um Reports \u00fcber die Websiteaktivit\u00e4ten zusammenzustellen und um weitere mit der Websitenutzung und der Internetnutzung verbundene Dienstleistungen gegen\u00fcber dem Websitebetreiber zu erbringen. Die im Rahmen von Google Analytics von Ihrem Browser \u00fcbermittelte IP-Adresse wird nicht mit anderen Daten von Google zusammengef\u00fchrt. Sie k\u00f6nnen die Speicherung der Cookies durch eine entsprechende Einstellung Ihrer Browser-Software verhindern; wir weisen Sie jedoch darauf hin, dass Sie in diesem Fall gegebenenfalls nicht s\u00e4mtliche Funktionen dieser Website vollumf\u00e4nglich werden nutzen k\u00f6nnen. Sie k\u00f6nnen dar\u00fcber hinaus die Erfassung der durch das Cookie erzeugten und auf Ihre Nutzung der Website bezogenen Daten (inkl. Ihrer IP-Adresse) an Google sowie die Verarbeitung dieser Daten durch Google verhindern, indem Sie das unter dem folgenden <a href=\"http:\/\/tools.google.com\/dlpage\/gaoptout?hl=de\" target=\"_blank\">Link<\/a> verf\u00fcgbare Browser-Plugin herunterladen und installieren.<\/p>\n<p>Sie k\u00f6nnen die Erfassung durch Google Analytics verhindern, indem Sie auf folgenden Link klicken. Es wird ein Opt-Out-Cookie gesetzt, das die zuk\u00fcnftige Erfassung Ihrer Daten beim Besuch dieser Website verhindert: <a id=\"GAOptOut\" title=\"Create Google Analytics opt-out cookie\" onclick=\"alert('Google Analytics Opt-out cookie was created');\" href=\"javascript:gaOptout()\">Deactivate Google Analytics<\/a><\/p>\n<p>N\u00e4here Informationen zu Nutzungsbedingungen und Datenschutz finden Sie unter <a href=\"http:\/\/www.google.com\/analytics\/terms\/de.html\" target=\"_blank\">http:\/\/www.google.com\/analytics\/terms\/de.html<\/a> bzw. unter <a href=\"https:\/\/www.google.de\/intl\/de\/policies\/\" target=\"_blank\">https:\/\/www.google.de\/intl\/de\/policies\/<\/a>. Wir weisen Sie darauf hin, dass auf dieser Website Google Analytics um den Code \u201cga(\u2018set\u2019, \u2018anonymizeIp\u2019, true);\u201d erweitert wurde, um eine anonymisierte Erfassung von IP-Adressen (sog. IP-Masking) zu gew\u00e4hrleisten.<\/p>\n","protected":false},"excerpt":{"rendered":"<p>Imprint Firmenname Gemeinschaftsdienst Kinder, Jugend, und Familie e.V. PLZ, Ort 58642 Iserlohn- Letmathe Land Deutschland&#8230; <a class=\"read-more-link\" href=\"https:\/\/www.gemeinschaftsdienst.de\/en\/imprint\/\">weiterlesen<\/a><\/p>\n","protected":false},"author":1,"featured_media":0,"parent":0,"menu_order":104,"comment_status":"closed","ping_status":"closed","template":"","meta":{"_acf_changed":false,"footnotes":""},"class_list":["post-453","page","type-page","status-publish","hentry"],"acf":[],"_links":{"self":[{"href":"https:\/\/www.gemeinschaftsdienst.de\/en\/wp-json\/wp\/v2\/pages\/453","targetHints":{"allow":["GET"]}}],"collection":[{"href":"https:\/\/www.gemeinschaftsdienst.de\/en\/wp-json\/wp\/v2\/pages"}],"about":[{"href":"https:\/\/www.gemeinschaftsdienst.de\/en\/wp-json\/wp\/v2\/types\/page"}],"author":[{"embeddable":true,"href":"https:\/\/www.gemeinschaftsdienst.de\/en\/wp-json\/wp\/v2\/users\/1"}],"replies":[{"embeddable":true,"href":"https:\/\/www.gemeinschaftsdienst.de\/en\/wp-json\/wp\/v2\/comments?post=453"}],"version-history":[{"count":1,"href":"https:\/\/www.gemeinschaftsdienst.de\/en\/wp-json\/wp\/v2\/pages\/453\/revisions"}],"predecessor-version":[{"id":454,"href":"https:\/\/www.gemeinschaftsdienst.de\/en\/wp-json\/wp\/v2\/pages\/453\/revisions\/454"}],"wp:attachment":[{"href":"https:\/\/www.gemeinschaftsdienst.de\/en\/wp-json\/wp\/v2\/media?parent=453"}],"curies":[{"name":"wp","href":"https:\/\/api.w.org\/{rel}","templated":true}]}}